{"id":1568,"date":"2024-10-17T20:28:24","date_gmt":"2024-10-18T01:28:24","guid":{"rendered":"https:\/\/slategrey-skunk-502668.hostingersite.com\/?page_id=1568"},"modified":"2024-10-17T20:40:04","modified_gmt":"2024-10-18T01:40:04","slug":"todo-sobre-el-tabaco-calentado","status":"publish","type":"page","link":"https:\/\/thevapingtoday.com\/aclaremoslascosas\/todo-sobre-el-tabaco-calentado\/","title":{"rendered":"Todo sobre el tabaco calentado"},"content":{"rendered":"\t\t<div data-elementor-type=\"wp-page\" data-elementor-id=\"1568\" class=\"elementor elementor-1568\" data-elementor-post-type=\"page\">\n\t\t\t\t<div class=\"elementor-element elementor-element-8ed13ea e-con-full e-flex e-con e-parent\" data-id=\"8ed13ea\" data-element_type=\"container\" data-e-type=\"container\" id=\"inicio-info1\" data-settings=\"{&quot;background_background&quot;:&quot;classic&quot;,&quot;ekit_has_onepagescroll_dot&quot;:&quot;yes&quot;}\">\n\t\t\t\t<div class=\"elementor-element elementor-element-5b6a8d1 elementor-widget elementor-widget-html\" data-id=\"5b6a8d1\" data-element_type=\"widget\" data-e-type=\"widget\" data-settings=\"{&quot;ekit_we_effect_on&quot;:&quot;none&quot;}\" data-widget_type=\"html.default\">\n\t\t\t\t<div class=\"elementor-widget-container\">\n\t\t\t\t\t<div style=\"width: 100%;\"><div style=\"position: relative; padding-bottom: 408.16%; padding-top: 0; height: 0;\"><iframe title=\"Tabaco Calentado\" frameborder=\"0\" width=\"1176\" height=\"4800\" style=\"position: absolute; top: 0; left: 0; width: 100%; height: 100%;\" src=\"https:\/\/view.genially.com\/671196098bfa6efcbb97cf42\" type=\"text\/html\" allowscriptaccess=\"always\" allowfullscreen=\"true\" scrolling=\"yes\" allownetworking=\"all\"><\/iframe> <\/div> <\/div>\t\t\t\t<\/div>\n\t\t\t\t<\/div>\n\t\t\t\t<\/div>\n\t\t<div class=\"elementor-element elementor-element-d1c1220 e-flex e-con-boxed e-con e-parent\" data-id=\"d1c1220\" data-element_type=\"container\" data-e-type=\"container\" data-settings=\"{&quot;background_background&quot;:&quot;classic&quot;,&quot;ekit_has_onepagescroll_dot&quot;:&quot;yes&quot;}\">\n\t\t\t\t\t<div class=\"e-con-inner\">\n\t\t<div class=\"elementor-element elementor-element-d2ace3e e-con-full e-flex e-con e-child\" data-id=\"d2ace3e\" data-element_type=\"container\" data-e-type=\"container\" data-settings=\"{&quot;ekit_has_onepagescroll_dot&quot;:&quot;yes&quot;}\">\n\t\t\t\t<div class=\"elementor-element elementor-element-d0c377c elementor-widget elementor-widget-heading\" data-id=\"d0c377c\" data-element_type=\"widget\" data-e-type=\"widget\" data-settings=\"{&quot;ekit_we_effect_on&quot;:&quot;none&quot;}\" data-widget_type=\"heading.default\">\n\t\t\t\t<div class=\"elementor-widget-container\">\n\t\t\t\t\t<h2 class=\"elementor-heading-title elementor-size-default\">Compartir<\/h2>\t\t\t\t<\/div>\n\t\t\t\t<\/div>\n\t\t\t\t<div class=\"elementor-element elementor-element-ebebe09 elementor-widget elementor-widget-elementskit-social-share\" data-id=\"ebebe09\" data-element_type=\"widget\" data-e-type=\"widget\" data-settings=\"{&quot;ekit_we_effect_on&quot;:&quot;none&quot;}\" data-widget_type=\"elementskit-social-share.default\">\n\t\t\t\t<div class=\"elementor-widget-container\">\n\t\t\t\t\t<div class=\"ekit-wid-con\" >\t\t<ul class=\"ekit_socialshare\">\n                            <li class=\"elementor-repeater-item-1ad42a4\" data-social=\"facebook\">\n                    <div class=\"facebook\">\n                        \n                        <i aria-hidden=\"true\" class=\"icon icon-facebook\"><\/i>                        \n                                                                                            <\/div>\n                <\/li>\n                                            <li class=\"elementor-repeater-item-2c1b1fb\" data-social=\"twitter\">\n                    <div class=\"twitter\">\n                        \n                        <i aria-hidden=\"true\" class=\"icon icon-twitter\"><\/i>                        \n                                                                                            <\/div>\n                <\/li>\n                                            <li class=\"elementor-repeater-item-96b8b74\" data-social=\"linkedin\">\n                    <div class=\"linkedin\">\n                        \n                        <i aria-hidden=\"true\" class=\"icon icon-linkedin\"><\/i>                        \n                                                                                            <\/div>\n                <\/li>\n                                    <\/ul>\n        <\/div>\t\t\t\t<\/div>\n\t\t\t\t<\/div>\n\t\t\t\t<\/div>\n\t\t<div class=\"elementor-element elementor-element-2840d5c e-con-full e-flex e-con e-child\" data-id=\"2840d5c\" data-element_type=\"container\" data-e-type=\"container\" data-settings=\"{&quot;ekit_has_onepagescroll_dot&quot;:&quot;yes&quot;}\">\n\t\t\t\t<div class=\"elementor-element elementor-element-dbdf0a3 elementor-align-center elementor-widget elementor-widget-elementskit-button\" data-id=\"dbdf0a3\" data-element_type=\"widget\" data-e-type=\"widget\" data-settings=\"{&quot;ekit_we_effect_on&quot;:&quot;tilt&quot;,&quot;ekit_we_on_test_mode&quot;:&quot;yes&quot;,&quot;ekit_we_tilt_scale&quot;:1.1,&quot;ekit_we_tilt_maxtilt&quot;:20}\" data-widget_type=\"elementskit-button.default\">\n\t\t\t\t<div class=\"elementor-widget-container\">\n\t\t\t\t\t<div class=\"ekit-wid-con\" >\t\t<div class=\"ekit-btn-wraper\">\n\t\t\t\t\t\t\t<a href=\"#inicio-info1\" class=\"elementskit-btn  whitespace--normal\" id=\"\">\n\t\t\t\t\t<i class=\"icon icon-up-arrow\"><\/i>Volver al inicio\t\t\t\t<\/a>\n\t\t\t\t\t<\/div>\n        <\/div>\t\t\t\t<\/div>\n\t\t\t\t<\/div>\n\t\t\t\t<\/div>\n\t\t\t\t\t<\/div>\n\t\t\t\t<\/div>\n\t\t\t\t<\/div>\n\t\t\n    <div class=\"xs_social_share_widget xs_share_url after_content \t\tmain_content  wslu-style-1 wslu-share-box-shaped wslu-fill-colored wslu-none wslu-share-horizontal wslu-theme-font-no wslu-main_content\">\n\n\t\t\n        <ul>\n\t\t\t        <\/ul>\n    <\/div> \n","protected":false},"excerpt":{"rendered":"<p>\u00bfEl tabaco calentado es igual al tabaco por combusti\u00f3n? NO. Desc\u00fabrelo en esta infograf\u00eda.<\/p>\n","protected":false},"author":1,"featured_media":1098,"parent":0,"menu_order":0,"comment_status":"closed","ping_status":"closed","template":"","meta":{"postBodyMargin":[],"postBodyPadding":[],"postBodyBackground":{"backgroundType":"classic","gradient":""},"footnotes":""},"class_list":["post-1568","page","type-page","status-publish","has-post-thumbnail","hentry"],"yoast_head":"<!-- This site is optimized with the Yoast SEO plugin v27.3 - https:\/\/yoast.com\/product\/yoast-seo-wordpress\/ -->\n<title>Todo sobre el tabaco calentado - Aclaremos las Cosas | Todo sobre el Vapeo y la Reducci\u00f3n de Da\u00f1os del Tabaquismo<\/title>\n<meta name=\"description\" content=\"\u00bfEl tabaco calentado es igual al tabaco por combusti\u00f3n? NO. Desc\u00fabrelo en esta infograf\u00eda donde te explicamos todo sobre el tabaco calentado.\" \/>\n<meta name=\"robots\" content=\"index, follow, max-snippet:-1, max-image-preview:large, max-video-preview:-1\" \/>\n<link rel=\"canonical\" href=\"https:\/\/thevapingtoday.com\/aclaremoslascosas\/todo-sobre-el-tabaco-calentado\/\" \/>\n<meta property=\"og:locale\" content=\"es_ES\" \/>\n<meta property=\"og:type\" content=\"article\" \/>\n<meta property=\"og:title\" content=\"Todo sobre el tabaco calentado\" \/>\n<meta property=\"og:description\" content=\"\u00bfEl tabaco calentado es igual al tabaco por combusti\u00f3n? NO. Desc\u00fabrelo en esta infograf\u00eda donde te explicamos todo sobre el tabaco calentado.\" \/>\n<meta property=\"og:url\" content=\"https:\/\/thevapingtoday.com\/aclaremoslascosas\/todo-sobre-el-tabaco-calentado\/\" \/>\n<meta property=\"og:site_name\" content=\"Aclaremos las Cosas | Todo sobre el Vapeo y la Reducci\u00f3n de Da\u00f1os del Tabaquismo\" \/>\n<meta property=\"article:modified_time\" content=\"2024-10-18T01:40:04+00:00\" \/>\n<meta property=\"og:image\" content=\"https:\/\/thevapingtoday.com\/aclaremoslascosas\/wp-content\/uploads\/2024\/10\/tabaco-calentado-ceo-2max-scaled.webp\" \/>\n\t<meta property=\"og:image:width\" content=\"2560\" \/>\n\t<meta property=\"og:image:height\" content=\"1321\" \/>\n\t<meta property=\"og:image:type\" content=\"image\/webp\" \/>\n<meta name=\"twitter:card\" content=\"summary_large_image\" \/>\n<meta name=\"twitter:title\" content=\"Todo sobre el tabaco calentado\" \/>\n<meta name=\"twitter:description\" content=\"\u00bfEl tabaco calentado es igual al tabaco por combusti\u00f3n? NO. Desc\u00fabrelo en esta infograf\u00eda donde te explicamos todo sobre el tabaco calentado.\" \/>\n<meta name=\"twitter:image\" content=\"https:\/\/thevapingtoday.com\/aclaremoslascosas\/wp-content\/uploads\/2024\/10\/tabaco-calentado-ceo-2max-scaled.webp\" \/>\n<meta name=\"twitter:label1\" content=\"Tiempo de lectura\" \/>\n\t<meta name=\"twitter:data1\" content=\"1 minuto\" \/>\n<script type=\"application\/ld+json\" class=\"yoast-schema-graph\">{\"@context\":\"https:\\\/\\\/schema.org\",\"@graph\":[{\"@type\":\"WebPage\",\"@id\":\"https:\\\/\\\/thevapingtoday.com\\\/aclaremoslascosas\\\/todo-sobre-el-tabaco-calentado\\\/\",\"url\":\"https:\\\/\\\/thevapingtoday.com\\\/aclaremoslascosas\\\/todo-sobre-el-tabaco-calentado\\\/\",\"name\":\"Todo sobre el tabaco calentado - Aclaremos las Cosas | Todo sobre el Vapeo y la Reducci\u00f3n de Da\u00f1os del Tabaquismo\",\"isPartOf\":{\"@id\":\"https:\\\/\\\/thevapingtoday.com\\\/aclaremoslascosas\\\/#website\"},\"primaryImageOfPage\":{\"@id\":\"https:\\\/\\\/thevapingtoday.com\\\/aclaremoslascosas\\\/todo-sobre-el-tabaco-calentado\\\/#primaryimage\"},\"image\":{\"@id\":\"https:\\\/\\\/thevapingtoday.com\\\/aclaremoslascosas\\\/todo-sobre-el-tabaco-calentado\\\/#primaryimage\"},\"thumbnailUrl\":\"https:\\\/\\\/thevapingtoday.com\\\/aclaremoslascosas\\\/wp-content\\\/uploads\\\/2024\\\/09\\\/sabores-vapeo@2x.webp\",\"datePublished\":\"2024-10-18T01:28:24+00:00\",\"dateModified\":\"2024-10-18T01:40:04+00:00\",\"description\":\"\u00bfEl tabaco calentado es igual al tabaco por combusti\u00f3n? NO. Desc\u00fabrelo en esta infograf\u00eda donde te explicamos todo sobre el tabaco calentado.\",\"breadcrumb\":{\"@id\":\"https:\\\/\\\/thevapingtoday.com\\\/aclaremoslascosas\\\/todo-sobre-el-tabaco-calentado\\\/#breadcrumb\"},\"inLanguage\":\"es-CO\",\"potentialAction\":[{\"@type\":\"ReadAction\",\"target\":[\"https:\\\/\\\/thevapingtoday.com\\\/aclaremoslascosas\\\/todo-sobre-el-tabaco-calentado\\\/\"]}]},{\"@type\":\"ImageObject\",\"inLanguage\":\"es-CO\",\"@id\":\"https:\\\/\\\/thevapingtoday.com\\\/aclaremoslascosas\\\/todo-sobre-el-tabaco-calentado\\\/#primaryimage\",\"url\":\"https:\\\/\\\/thevapingtoday.com\\\/aclaremoslascosas\\\/wp-content\\\/uploads\\\/2024\\\/09\\\/sabores-vapeo@2x.webp\",\"contentUrl\":\"https:\\\/\\\/thevapingtoday.com\\\/aclaremoslascosas\\\/wp-content\\\/uploads\\\/2024\\\/09\\\/sabores-vapeo@2x.webp\",\"width\":2446,\"height\":1261,\"caption\":\"Sabores en el vapeo\"},{\"@type\":\"BreadcrumbList\",\"@id\":\"https:\\\/\\\/thevapingtoday.com\\\/aclaremoslascosas\\\/todo-sobre-el-tabaco-calentado\\\/#breadcrumb\",\"itemListElement\":[{\"@type\":\"ListItem\",\"position\":1,\"name\":\"Inicio\",\"item\":\"https:\\\/\\\/thevapingtoday.com\\\/aclaremoslascosas\\\/\"},{\"@type\":\"ListItem\",\"position\":2,\"name\":\"Todo sobre el tabaco calentado\"}]},{\"@type\":\"WebSite\",\"@id\":\"https:\\\/\\\/thevapingtoday.com\\\/aclaremoslascosas\\\/#website\",\"url\":\"https:\\\/\\\/thevapingtoday.com\\\/aclaremoslascosas\\\/\",\"name\":\"Aclaremos las Cosas\",\"description\":\"Informaci\u00f3n clara sobre la reducci\u00f3n de riesgos del tabaquismo\",\"publisher\":{\"@id\":\"https:\\\/\\\/thevapingtoday.com\\\/aclaremoslascosas\\\/#organization\"},\"potentialAction\":[{\"@type\":\"SearchAction\",\"target\":{\"@type\":\"EntryPoint\",\"urlTemplate\":\"https:\\\/\\\/thevapingtoday.com\\\/aclaremoslascosas\\\/?s={search_term_string}\"},\"query-input\":{\"@type\":\"PropertyValueSpecification\",\"valueRequired\":true,\"valueName\":\"search_term_string\"}}],\"inLanguage\":\"es-CO\"},{\"@type\":\"Organization\",\"@id\":\"https:\\\/\\\/thevapingtoday.com\\\/aclaremoslascosas\\\/#organization\",\"name\":\"Aclaremos las Cosas\",\"url\":\"https:\\\/\\\/thevapingtoday.com\\\/aclaremoslascosas\\\/\",\"logo\":{\"@type\":\"ImageObject\",\"inLanguage\":\"es-CO\",\"@id\":\"https:\\\/\\\/thevapingtoday.com\\\/aclaremoslascosas\\\/#\\\/schema\\\/logo\\\/image\\\/\",\"url\":\"https:\\\/\\\/slategrey-skunk-502668.hostingersite.com\\\/wp-content\\\/uploads\\\/2024\\\/07\\\/favicon_aclaremos.webp\",\"contentUrl\":\"https:\\\/\\\/slategrey-skunk-502668.hostingersite.com\\\/wp-content\\\/uploads\\\/2024\\\/07\\\/favicon_aclaremos.webp\",\"width\":867,\"height\":867,\"caption\":\"Aclaremos las Cosas\"},\"image\":{\"@id\":\"https:\\\/\\\/thevapingtoday.com\\\/aclaremoslascosas\\\/#\\\/schema\\\/logo\\\/image\\\/\"}}]}<\/script>\n<!-- \/ Yoast SEO plugin. -->","yoast_head_json":{"title":"Todo sobre el tabaco calentado - Aclaremos las Cosas | Todo sobre el Vapeo y la Reducci\u00f3n de Da\u00f1os del Tabaquismo","description":"\u00bfEl tabaco calentado es igual al tabaco por combusti\u00f3n? NO. Desc\u00fabrelo en esta infograf\u00eda donde te explicamos todo sobre el tabaco calentado.","robots":{"index":"index","follow":"follow","max-snippet":"max-snippet:-1","max-image-preview":"max-image-preview:large","max-video-preview":"max-video-preview:-1"},"canonical":"https:\/\/thevapingtoday.com\/aclaremoslascosas\/todo-sobre-el-tabaco-calentado\/","og_locale":"es_ES","og_type":"article","og_title":"Todo sobre el tabaco calentado","og_description":"\u00bfEl tabaco calentado es igual al tabaco por combusti\u00f3n? NO. Desc\u00fabrelo en esta infograf\u00eda donde te explicamos todo sobre el tabaco calentado.","og_url":"https:\/\/thevapingtoday.com\/aclaremoslascosas\/todo-sobre-el-tabaco-calentado\/","og_site_name":"Aclaremos las Cosas | Todo sobre el Vapeo y la Reducci\u00f3n de Da\u00f1os del Tabaquismo","article_modified_time":"2024-10-18T01:40:04+00:00","og_image":[{"width":2560,"height":1321,"url":"https:\/\/thevapingtoday.com\/aclaremoslascosas\/wp-content\/uploads\/2024\/10\/tabaco-calentado-ceo-2max-scaled.webp","type":"image\/webp"}],"twitter_card":"summary_large_image","twitter_title":"Todo sobre el tabaco calentado","twitter_description":"\u00bfEl tabaco calentado es igual al tabaco por combusti\u00f3n? NO. Desc\u00fabrelo en esta infograf\u00eda donde te explicamos todo sobre el tabaco calentado.","twitter_image":"https:\/\/thevapingtoday.com\/aclaremoslascosas\/wp-content\/uploads\/2024\/10\/tabaco-calentado-ceo-2max-scaled.webp","twitter_misc":{"Tiempo de lectura":"1 minuto"},"schema":{"@context":"https:\/\/schema.org","@graph":[{"@type":"WebPage","@id":"https:\/\/thevapingtoday.com\/aclaremoslascosas\/todo-sobre-el-tabaco-calentado\/","url":"https:\/\/thevapingtoday.com\/aclaremoslascosas\/todo-sobre-el-tabaco-calentado\/","name":"Todo sobre el tabaco calentado - Aclaremos las Cosas | Todo sobre el Vapeo y la Reducci\u00f3n de Da\u00f1os del Tabaquismo","isPartOf":{"@id":"https:\/\/thevapingtoday.com\/aclaremoslascosas\/#website"},"primaryImageOfPage":{"@id":"https:\/\/thevapingtoday.com\/aclaremoslascosas\/todo-sobre-el-tabaco-calentado\/#primaryimage"},"image":{"@id":"https:\/\/thevapingtoday.com\/aclaremoslascosas\/todo-sobre-el-tabaco-calentado\/#primaryimage"},"thumbnailUrl":"https:\/\/thevapingtoday.com\/aclaremoslascosas\/wp-content\/uploads\/2024\/09\/sabores-vapeo@2x.webp","datePublished":"2024-10-18T01:28:24+00:00","dateModified":"2024-10-18T01:40:04+00:00","description":"\u00bfEl tabaco calentado es igual al tabaco por combusti\u00f3n? NO. Desc\u00fabrelo en esta infograf\u00eda donde te explicamos todo sobre el tabaco calentado.","breadcrumb":{"@id":"https:\/\/thevapingtoday.com\/aclaremoslascosas\/todo-sobre-el-tabaco-calentado\/#breadcrumb"},"inLanguage":"es-CO","potentialAction":[{"@type":"ReadAction","target":["https:\/\/thevapingtoday.com\/aclaremoslascosas\/todo-sobre-el-tabaco-calentado\/"]}]},{"@type":"ImageObject","inLanguage":"es-CO","@id":"https:\/\/thevapingtoday.com\/aclaremoslascosas\/todo-sobre-el-tabaco-calentado\/#primaryimage","url":"https:\/\/thevapingtoday.com\/aclaremoslascosas\/wp-content\/uploads\/2024\/09\/sabores-vapeo@2x.webp","contentUrl":"https:\/\/thevapingtoday.com\/aclaremoslascosas\/wp-content\/uploads\/2024\/09\/sabores-vapeo@2x.webp","width":2446,"height":1261,"caption":"Sabores en el vapeo"},{"@type":"BreadcrumbList","@id":"https:\/\/thevapingtoday.com\/aclaremoslascosas\/todo-sobre-el-tabaco-calentado\/#breadcrumb","itemListElement":[{"@type":"ListItem","position":1,"name":"Inicio","item":"https:\/\/thevapingtoday.com\/aclaremoslascosas\/"},{"@type":"ListItem","position":2,"name":"Todo sobre el tabaco calentado"}]},{"@type":"WebSite","@id":"https:\/\/thevapingtoday.com\/aclaremoslascosas\/#website","url":"https:\/\/thevapingtoday.com\/aclaremoslascosas\/","name":"Aclaremos las Cosas","description":"Informaci\u00f3n clara sobre la reducci\u00f3n de riesgos del tabaquismo","publisher":{"@id":"https:\/\/thevapingtoday.com\/aclaremoslascosas\/#organization"},"potentialAction":[{"@type":"SearchAction","target":{"@type":"EntryPoint","urlTemplate":"https:\/\/thevapingtoday.com\/aclaremoslascosas\/?s={search_term_string}"},"query-input":{"@type":"PropertyValueSpecification","valueRequired":true,"valueName":"search_term_string"}}],"inLanguage":"es-CO"},{"@type":"Organization","@id":"https:\/\/thevapingtoday.com\/aclaremoslascosas\/#organization","name":"Aclaremos las Cosas","url":"https:\/\/thevapingtoday.com\/aclaremoslascosas\/","logo":{"@type":"ImageObject","inLanguage":"es-CO","@id":"https:\/\/thevapingtoday.com\/aclaremoslascosas\/#\/schema\/logo\/image\/","url":"https:\/\/slategrey-skunk-502668.hostingersite.com\/wp-content\/uploads\/2024\/07\/favicon_aclaremos.webp","contentUrl":"https:\/\/slategrey-skunk-502668.hostingersite.com\/wp-content\/uploads\/2024\/07\/favicon_aclaremos.webp","width":867,"height":867,"caption":"Aclaremos las Cosas"},"image":{"@id":"https:\/\/thevapingtoday.com\/aclaremoslascosas\/#\/schema\/logo\/image\/"}}]}},"_links":{"self":[{"href":"https:\/\/thevapingtoday.com\/aclaremoslascosas\/wp-json\/wp\/v2\/pages\/1568","targetHints":{"allow":["GET"]}}],"collection":[{"href":"https:\/\/thevapingtoday.com\/aclaremoslascosas\/wp-json\/wp\/v2\/pages"}],"about":[{"href":"https:\/\/thevapingtoday.com\/aclaremoslascosas\/wp-json\/wp\/v2\/types\/page"}],"author":[{"embeddable":true,"href":"https:\/\/thevapingtoday.com\/aclaremoslascosas\/wp-json\/wp\/v2\/users\/1"}],"replies":[{"embeddable":true,"href":"https:\/\/thevapingtoday.com\/aclaremoslascosas\/wp-json\/wp\/v2\/comments?post=1568"}],"version-history":[{"count":13,"href":"https:\/\/thevapingtoday.com\/aclaremoslascosas\/wp-json\/wp\/v2\/pages\/1568\/revisions"}],"predecessor-version":[{"id":1584,"href":"https:\/\/thevapingtoday.com\/aclaremoslascosas\/wp-json\/wp\/v2\/pages\/1568\/revisions\/1584"}],"wp:featuredmedia":[{"embeddable":true,"href":"https:\/\/thevapingtoday.com\/aclaremoslascosas\/wp-json\/wp\/v2\/media\/1098"}],"wp:attachment":[{"href":"https:\/\/thevapingtoday.com\/aclaremoslascosas\/wp-json\/wp\/v2\/media?parent=1568"}],"curies":[{"name":"wp","href":"https:\/\/api.w.org\/{rel}","templated":true}]}}